{"id":2071,"date":"2019-11-23T14:41:07","date_gmt":"2019-11-23T17:41:07","guid":{"rendered":"http:\/\/codesupply.co\/?page_id=2071"},"modified":"2023-06-22T12:52:58","modified_gmt":"2023-06-22T15:52:58","slug":"sample-page","status":"publish","type":"page","link":"https:\/\/fluoritevideos.com.br\/index.php\/sample-page\/","title":{"rendered":"Sobre Nos"},"content":{"rendered":"\t\t<div data-elementor-type=\"wp-page\" data-elementor-id=\"2071\" class=\"elementor elementor-2071\">\n\t\t\t\t\t\t\t\t\t<section class=\"elementor-section elementor-top-section elementor-element elementor-element-a8f1764 elementor-section-boxed elementor-section-height-default elementor-section-height-default\" data-id=\"a8f1764\" data-element_type=\"section\">\n\t\t\t\t\t\t<div class=\"elementor-container elementor-column-gap-default\">\n\t\t\t\t\t<div class=\"elementor-column elementor-col-100 elementor-top-column elementor-element elementor-element-a357fab\" data-id=\"a357fab\" data-element_type=\"column\">\n\t\t\t<div class=\"elementor-widget-wrap elementor-element-populated\">\n\t\t\t\t\t\t\t\t<div class=\"elementor-element elementor-element-d8a9c1f elementor-invisible elementor-widget elementor-widget-image\" data-id=\"d8a9c1f\" data-element_type=\"widget\" data-settings=\"{&quot;_animation&quot;:&quot;fadeInRight&quot;}\" data-widget_type=\"image.default\">\n\t\t\t\t<div class=\"elementor-widget-container\">\n\t\t\t<style>\/*! elementor - v3.10.2 - 29-01-2023 *\/\n.elementor-widget-image{text-align:center}.elementor-widget-image a{display:inline-block}.elementor-widget-image a img[src$=\".svg\"]{width:48px}.elementor-widget-image img{vertical-align:middle;display:inline-block}<\/style>\t\t\t\t\t\t\t\t\t\t\t\t<img loading=\"lazy\" decoding=\"async\" width=\"1024\" height=\"238\" src=\"https:\/\/fluoritevideos.com.br\/wp-content\/uploads\/2022\/01\/LogotipoFluoriteFinal-09-4-1024x238.png\" class=\"attachment-large size-large wp-image-2748\" alt=\"\" srcset=\"https:\/\/fluoritevideos.com.br\/wp-content\/uploads\/2022\/01\/LogotipoFluoriteFinal-09-4-1024x238.png 1024w, https:\/\/fluoritevideos.com.br\/wp-content\/uploads\/2022\/01\/LogotipoFluoriteFinal-09-4-300x70.png 300w, https:\/\/fluoritevideos.com.br\/wp-content\/uploads\/2022\/01\/LogotipoFluoriteFinal-09-4-768x179.png 768w, https:\/\/fluoritevideos.com.br\/wp-content\/uploads\/2022\/01\/LogotipoFluoriteFinal-09-4-1536x358.png 1536w, https:\/\/fluoritevideos.com.br\/wp-content\/uploads\/2022\/01\/LogotipoFluoriteFinal-09-4-2048x477.png 2048w, https:\/\/fluoritevideos.com.br\/wp-content\/uploads\/2022\/01\/LogotipoFluoriteFinal-09-4-200x47.png 200w, https:\/\/fluoritevideos.com.br\/wp-content\/uploads\/2022\/01\/LogotipoFluoriteFinal-09-4-380x88.png 380w, https:\/\/fluoritevideos.com.br\/wp-content\/uploads\/2022\/01\/LogotipoFluoriteFinal-09-4-580x135.png 580w, https:\/\/fluoritevideos.com.br\/wp-content\/uploads\/2022\/01\/LogotipoFluoriteFinal-09-4-1160x270.png 1160w\" sizes=\"auto, (max-width: 1024px) 100vw, 1024px\" \/>\t\t\t\t\t\t\t\t\t\t\t\t\t\t\t<\/div>\n\t\t\t\t<\/div>\n\t\t\t\t\t<\/div>\n\t\t<\/div>\n\t\t\t\t\t\t\t<\/div>\n\t\t<\/section>\n\t\t\t\t<section class=\"elementor-section elementor-top-section elementor-element elementor-element-1cb11dd2 elementor-section-boxed elementor-section-height-default elementor-section-height-default\" data-id=\"1cb11dd2\" data-element_type=\"section\">\n\t\t\t\t\t\t<div class=\"elementor-container elementor-column-gap-default\">\n\t\t\t\t\t<div class=\"elementor-column elementor-col-100 elementor-top-column elementor-element elementor-element-11859a25\" data-id=\"11859a25\" data-element_type=\"column\">\n\t\t\t<div class=\"elementor-widget-wrap elementor-element-populated\">\n\t\t\t\t\t\t\t\t<div class=\"elementor-element elementor-element-35a86753 elementor-invisible elementor-widget elementor-widget-text-editor\" data-id=\"35a86753\" data-element_type=\"widget\" data-settings=\"{&quot;_animation&quot;:&quot;slideInLeft&quot;}\" data-widget_type=\"text-editor.default\">\n\t\t\t\t<div class=\"elementor-widget-container\">\n\t\t\t<style>\/*! elementor - v3.10.2 - 29-01-2023 *\/\n.elementor-widget-text-editor.elementor-drop-cap-view-stacked .elementor-drop-cap{background-color:#818a91;color:#fff}.elementor-widget-text-editor.elementor-drop-cap-view-framed .elementor-drop-cap{color:#818a91;border:3px solid;background-color:transparent}.elementor-widget-text-editor:not(.elementor-drop-cap-view-default) .elementor-drop-cap{margin-top:8px}.elementor-widget-text-editor:not(.elementor-drop-cap-view-default) .elementor-drop-cap-letter{width:1em;height:1em}.elementor-widget-text-editor .elementor-drop-cap{float:left;text-align:center;line-height:1;font-size:50px}.elementor-widget-text-editor .elementor-drop-cap-letter{display:inline-block}<\/style>\t\t\t\t<p><!-- wp:paragraph {\"canvasClassName\":\"cnvs-block-core-paragraph-1574520064520\"} --><\/p>\n<p>Somos uma produtora de v\u00eddeos e foto formada por <a href=\"https:\/\/www.instagram.com\/ivanf.v\/\" target=\"_blank\" rel=\"noopener\"><strong>Ivan Verrengia<\/strong><\/a> e <a href=\"https:\/\/www.instagram.com\/luringa\/\" target=\"_blank\" rel=\"noopener\"><strong>Luringa<\/strong><\/a>, dois conhecidos profissionais do ramo. A Fluorite V\u00eddeos tem como objetivo atuar na \u00e1rea do \u00e1udio visual atendendo diversos tipos de clientes &#8211; Sediada na cidade de S\u00e3o Paulo\/SP temos estrutura para produzir em todo territ\u00f3rio nacional.<\/p>\n<p><!-- \/wp:paragraph --><!-- wp:quote {\"canvasClassName\":\"cnvs-block-core-quote-1574520064526\"} --><\/p>\n<blockquote class=\"wp-block-quote\">\n<p style=\"text-align: left;\">Com ampla bagagem e conhecimento t\u00e9cnico de ambos fundadores, trazemos a seguran\u00e7a e responsabilidade que um trabalho bem feito merece. Temos compromisso com o bom gosto e estamos sempre buscando inovar dentro de nossas produ\u00e7\u00f5es.\u00a0<\/p>\n<\/blockquote>\n<p style=\"text-align: left;\"><!-- \/wp:paragraph --><!-- wp:quote {\"canvasClassName\":\"cnvs-block-core-quote-1574520064541\"} --><\/p>\n<blockquote class=\"wp-block-quote\">\n<p style=\"text-align: left;\">Trabalhamos com equipamentos de ultima gera\u00e7\u00e3o para entregar sempre o melhor resultado a nossos clientes.<\/p>\n<\/blockquote>\n<p><!-- \/wp:quote --><!-- wp:paragraph {\"canvasClassName\":\"cnvs-block-core-paragraph-1574520064548\"} --><\/p>\n<p>Realizamos trabalhos de pequeno, m\u00e9dio e grande porte atendendo todos os tipos de demanda.<\/p>\n<p><!-- \/wp:paragraph --><\/p>\t\t\t\t\t\t<\/div>\n\t\t\t\t<\/div>\n\t\t\t\t\t<\/div>\n\t\t<\/div>\n\t\t\t\t\t\t\t<\/div>\n\t\t<\/section>\n\t\t\t\t<section class=\"elementor-section elementor-top-section elementor-element elementor-element-833ddb9 elementor-section-boxed elementor-section-height-default elementor-section-height-default\" data-id=\"833ddb9\" data-element_type=\"section\">\n\t\t\t\t\t\t<div class=\"elementor-container elementor-column-gap-default\">\n\t\t\t\t\t<div class=\"elementor-column elementor-col-100 elementor-top-column elementor-element elementor-element-16fecb4\" data-id=\"16fecb4\" data-element_type=\"column\">\n\t\t\t<div class=\"elementor-widget-wrap elementor-element-populated\">\n\t\t\t\t\t\t\t\t<div class=\"elementor-element elementor-element-6eef832 elementor-widget elementor-widget-heading\" data-id=\"6eef832\" data-element_type=\"widget\" data-widget_type=\"heading.default\">\n\t\t\t\t<div class=\"elementor-widget-container\">\n\t\t\t<style>\/*! elementor - v3.10.2 - 29-01-2023 *\/\n.elementor-heading-title{padding:0;margin:0;line-height:1}.elementor-widget-heading .elementor-heading-title[class*=elementor-size-]>a{color:inherit;font-size:inherit;line-height:inherit}.elementor-widget-heading .elementor-heading-title.elementor-size-small{font-size:15px}.elementor-widget-heading .elementor-heading-title.elementor-size-medium{font-size:19px}.elementor-widget-heading .elementor-heading-title.elementor-size-large{font-size:29px}.elementor-widget-heading .elementor-heading-title.elementor-size-xl{font-size:39px}.elementor-widget-heading .elementor-heading-title.elementor-size-xxl{font-size:59px}<\/style><h2 id=\"alguns-de-nossos-clientes\" class=\"elementor-heading-title elementor-size-default\">Alguns de nossos clientes<\/h2>\t\t<\/div>\n\t\t\t\t<\/div>\n\t\t\t\t\t<\/div>\n\t\t<\/div>\n\t\t\t\t\t\t\t<\/div>\n\t\t<\/section>\n\t\t\t\t<section class=\"elementor-section elementor-top-section elementor-element elementor-element-3c75a4c elementor-section-boxed elementor-section-height-default elementor-section-height-default\" data-id=\"3c75a4c\" data-element_type=\"section\">\n\t\t\t\t\t\t<div class=\"elementor-container elementor-column-gap-default\">\n\t\t\t\t\t<div class=\"elementor-column elementor-col-100 elementor-top-column elementor-element elementor-element-bc5fecf\" data-id=\"bc5fecf\" data-element_type=\"column\">\n\t\t\t<div class=\"elementor-widget-wrap elementor-element-populated\">\n\t\t\t\t\t\t\t\t<div class=\"elementor-element elementor-element-220f38a elementor-invisible elementor-widget elementor-widget-image\" data-id=\"220f38a\" data-element_type=\"widget\" data-settings=\"{&quot;_animation&quot;:&quot;fadeInUp&quot;}\" data-widget_type=\"image.default\">\n\t\t\t\t<div class=\"elementor-widget-container\">\n\t\t\t\t\t\t\t\t\t\t\t\t\t\t\t<img loading=\"lazy\" decoding=\"async\" width=\"764\" height=\"1024\" src=\"https:\/\/fluoritevideos.com.br\/wp-content\/uploads\/2023\/06\/Logos_Fluorite-764x1024.jpg\" class=\"attachment-large size-large wp-image-2957\" alt=\"\" srcset=\"https:\/\/fluoritevideos.com.br\/wp-content\/uploads\/2023\/06\/Logos_Fluorite-764x1024.jpg 764w, https:\/\/fluoritevideos.com.br\/wp-content\/uploads\/2023\/06\/Logos_Fluorite-224x300.jpg 224w, https:\/\/fluoritevideos.com.br\/wp-content\/uploads\/2023\/06\/Logos_Fluorite-768x1030.jpg 768w, https:\/\/fluoritevideos.com.br\/wp-content\/uploads\/2023\/06\/Logos_Fluorite-1145x1536.jpg 1145w, https:\/\/fluoritevideos.com.br\/wp-content\/uploads\/2023\/06\/Logos_Fluorite-1527x2048.jpg 1527w, https:\/\/fluoritevideos.com.br\/wp-content\/uploads\/2023\/06\/Logos_Fluorite-200x268.jpg 200w, https:\/\/fluoritevideos.com.br\/wp-content\/uploads\/2023\/06\/Logos_Fluorite-380x510.jpg 380w, https:\/\/fluoritevideos.com.br\/wp-content\/uploads\/2023\/06\/Logos_Fluorite-580x778.jpg 580w, https:\/\/fluoritevideos.com.br\/wp-content\/uploads\/2023\/06\/Logos_Fluorite-1160x1556.jpg 1160w, https:\/\/fluoritevideos.com.br\/wp-content\/uploads\/2023\/06\/Logos_Fluorite-86x116.jpg 86w, https:\/\/fluoritevideos.com.br\/wp-content\/uploads\/2023\/06\/Logos_Fluorite-scaled.jpg 1909w\" sizes=\"auto, (max-width: 764px) 100vw, 764px\" \/>\t\t\t\t\t\t\t\t\t\t\t\t\t\t\t<\/div>\n\t\t\t\t<\/div>\n\t\t\t\t\t<\/div>\n\t\t<\/div>\n\t\t\t\t\t\t\t<\/div>\n\t\t<\/section>\n\t\t\t\t\t\t\t<\/div>\n\t\t","protected":false},"excerpt":{"rendered":"Somos uma produtora de v\u00eddeos e foto formada por Ivan Verrengia e Luringa, dois conhecidos profissionais do ramo.&hellip;\n","protected":false},"author":1,"featured_media":0,"parent":0,"menu_order":0,"comment_status":"closed","ping_status":"closed","template":"","meta":{"om_disable_all_campaigns":false,"_mi_skip_tracking":false,"csco_display_header_overlay":false,"csco_page_header_type":"","csco_page_load_nextpost":"","csco_post_video_location":[],"csco_post_video_location_hash":"","csco_post_video_url":"","csco_post_video_bg_start_time":0,"csco_post_video_bg_end_time":0,"footnotes":""},"class_list":{"0":"post-2071","1":"page","2":"type-page","3":"status-publish","5":"cs-entry","6":"cs-video-wrap"},"aioseo_notices":[],"_links":{"self":[{"href":"https:\/\/fluoritevideos.com.br\/index.php\/wp-json\/wp\/v2\/pages\/2071","targetHints":{"allow":["GET"]}}],"collection":[{"href":"https:\/\/fluoritevideos.com.br\/index.php\/wp-json\/wp\/v2\/pages"}],"about":[{"href":"https:\/\/fluoritevideos.com.br\/index.php\/wp-json\/wp\/v2\/types\/page"}],"author":[{"embeddable":true,"href":"https:\/\/fluoritevideos.com.br\/index.php\/wp-json\/wp\/v2\/users\/1"}],"replies":[{"embeddable":true,"href":"https:\/\/fluoritevideos.com.br\/index.php\/wp-json\/wp\/v2\/comments?post=2071"}],"version-history":[{"count":63,"href":"https:\/\/fluoritevideos.com.br\/index.php\/wp-json\/wp\/v2\/pages\/2071\/revisions"}],"predecessor-version":[{"id":2960,"href":"https:\/\/fluoritevideos.com.br\/index.php\/wp-json\/wp\/v2\/pages\/2071\/revisions\/2960"}],"wp:attachment":[{"href":"https:\/\/fluoritevideos.com.br\/index.php\/wp-json\/wp\/v2\/media?parent=2071"}],"curies":[{"name":"wp","href":"https:\/\/api.w.org\/{rel}","templated":true}]}}